{"id":88038,"date":"2021-02-17T21:53:57","date_gmt":"2021-02-17T21:53:57","guid":{"rendered":"https:\/\/gaalphoto.com\/?page_id=88038"},"modified":"2025-01-31T09:11:04","modified_gmt":"2025-01-31T09:11:04","slug":"magamrol","status":"publish","type":"page","link":"https:\/\/gaalphoto.com\/en\/magamrol\/","title":{"rendered":"Magamr\u00f3l"},"content":{"rendered":"<div class=\"wpb-content-wrapper\"><div data-parent=\"true\" class=\"vc_row has-bg need-focus style-color-xsdn-bg row-container with-parallax has-dividers\" id=\"row-unique-0\"><div class=\"row-background background-element\">\n\t\t\t\t\t\t\t\t\t\t\t<div class=\"background-wrapper\">\n\t\t\t\t\t\t\t\t\t\t\t\t<div class=\"background-inner\" style=\"background-image: url(https:\/\/gaalphoto.com\/wp-content\/uploads\/2021\/02\/Gaalphoto9.jpg);background-repeat: no-repeat;background-position: center top;background-size: cover;\"><\/div>\n\t\t\t\t\t\t\t\t\t\t\t\t<div class=\"block-bg-overlay style-color-lxmt-bg\" style=\"opacity: 0;\"><\/div>\n\t\t\t\t\t\t\t\t\t\t\t<\/div>\n\t\t\t\t\t\t\t\t\t\t<\/div><div class=\"uncode-divider-wrap uncode-divider-wrap-bottom z_index_0 uncode-row-divider-invert\" style=\"height: 100px;\" data-height=\"100\" data-unit=\"px\"><svg version=\"1.1\" class=\"uncode-row-divider uncode-row-divider-curve\" x=\"0px\" y=\"0px\" width=\"240px\" height=\"24px\" viewbox=\"0 0 240 24\" enable-background=\"new 0 0 240 24\" xml:space=\"preserve\" preserveaspectratio=\"none\">\n\t\t<path fill=\"#303133\" fill-opacity=\"0.33\" d=\"M240,24V0H0v24C0,24,47.861,5.107,119.849,5.107C191.855,5.107,240,24,240,24z\"\/>\n\t\t<path fill=\"#303133\" fill-opacity=\"0.33\" d=\"M119.829,2.661c55.562,0,98.521,9.957,120.171,16.271V0H0v18.902\t\t\tC21.582,12.598,64.37,2.65,119.829,2.661z\"\/>\n\t\t<path fill=\"#303133\" d=\"M119.81,0.117c50.737,0,92.456,6.89,120.19,13.271V0H0v13.34C27.651,6.979,69.17,0.117,119.81,0.117z\"\/>\n\t\t<\/svg><\/div><div class=\"row quad-top-padding quad-bottom-padding single-h-padding full-width row-parent\" data-height-ratio=\"70\"><div class=\"wpb_row row-inner\"><div class=\"wpb_column pos-bottom pos-center align_center column_parent col-lg-12 single-internal-gutter\"><div class=\"uncol style-spec style-dark sticky-element sticky-sidebar\"  ><div class=\"uncoltable\"><div class=\"uncell\" ><div class=\"uncont no-block-padding col-custom-width\" style=\" max-width:900px;\" ><div class=\"empty-space empty-quad\" ><span class=\"empty-space-inner\"><\/span><\/div>\n<\/div><\/div><\/div><\/div><\/div><script id=\"script-row-unique-0\" data-row=\"script-row-unique-0\" type=\"text\/javascript\" class=\"vc_controls\">UNCODE.initRow(document.getElementById(\"row-unique-0\"));<\/script><\/div><\/div><\/div><div data-parent=\"true\" class=\"vc_row has-bg need-focus style-color-prif-bg row-container\" id=\"row-unique-1\"><div class=\"row quad-top-padding quad-bottom-padding single-h-padding limit-width row-parent\"><div class=\"wpb_row row-inner\"><div class=\"wpb_column pos-top pos-center align_center column_parent col-lg-8 single-internal-gutter\"><div class=\"uncol style-spec style-dark\"  ><div class=\"uncoltable\"><div class=\"uncell no-block-padding\" ><div class=\"uncont\" style=\" max-width:804px;\" ><div class=\"vc_row row-internal row-container\"><div class=\"row row-child\"><div class=\"wpb_row row-inner\"><div class=\"wpb_column pos-middle pos-left align_center column_child col-lg-12 single-internal-gutter\"><div class=\"uncol style-spec style-dark animate_when_almost_visible top-t-bottom\" ><div class=\"uncoltable\"><div class=\"uncell no-block-padding\" ><div class=\"uncont\" ><div class=\"vc_custom_heading_wrap\"><div class=\"heading-text el-text\" ><\/p>\n<h1>Magamr\u00f3l<\/h1>\n<p>\n<\/div><div class=\"clear\"><\/div><\/div><\/div><\/div><\/div><\/div><\/div><\/div><\/div><\/div><div class=\"uncode_text_column text-small\" ><\/p>\n<p style=\"text-align: justify;\">Ga\u00e1l Attila vagyok, fotogr\u00e1fus. Szenved\u00e9lyem a fot\u00f3z\u00e1s. Szerencs\u00e9snek tartom magam, hogy egy olyan ter\u00fcleten dolgozhatok, ami kreat\u00edv \u00e9s egyben izgalmas. T\u00f6bb \u00e9ve foglalkozom esk\u00fcv\u0151fot\u00f3z\u00e1ssal, divat \u00e9s modellfot\u00f3z\u00e1ssal mind st\u00fadi\u00f3ban, mind szabadt\u00e9ren. \u00c9rdekel tov\u00e1bb\u00e1 a term\u00e9szet \u00e9s makr\u00f3fot\u00f3z\u00e1s, amit nem l\u00e9tez\u0151 unalmas perceimben igyekszem egyre magasabb sz\u00edntre emelni.<\/p>\n<p style=\"text-align: justify;\">Az ut\u00f3bbi \u00e9vekben figyelmem egyre ink\u00e1bb az ingatlanfot\u00f3z\u00e1s fel\u00e9 \u00f6sszpontos\u00edtom. A nagyon magas min\u0151s\u00e9gi elv\u00e1r\u00e1sok miatt komoly szakmai felk\u00e9sz\u00fclts\u00e9g \u00e9s naprak\u00e9szs\u00e9g sz\u00fcks\u00e9ges ebben a szakir\u00e1nyban, amelynek igyekszem megfelelni.<br \/>\nA fot\u00f3z\u00e1s k\u00fcl\u00f6n\u00f6sen \u00e9rdekes ter\u00fclete sz\u00e1momra a t\u00e1rgyfot\u00f3z\u00e1s, legyen sz\u00f3 \u00e9kszerekr\u0151l, \u00e9telekr\u0151l, k\u00e9zm\u0171ves term\u00e9kekr\u0151l vagy ak\u00e1r nagym\u00e9ret\u0171 b\u00fatorokr\u00f3l vagy ak\u00e1r aut\u00f3kr\u00f3l mindig igyekszem megtal\u00e1lni a megfelel\u0151 technik\u00e1t amivel kihozhatom a maximumot az adott term\u00e9kb\u0151l, t\u00e1rgyb\u00f3l.<br \/>\nThank you for visiting my web site. I welcome you to my photography and hope you choose to use my services.<br \/>\nL\u00e9pjen velem kapcsolatba emailen:<br \/>\nattila_gaal@icloud.com<br \/>\nvagy telefonon:<br \/>\n+36 30 3567765<br \/>\nvagy legegyszer\u0171bben a kapcsolat linken tal\u00e1lhat\u00f3 kapcsolati \u0171rlapon kereszt\u00fcl.<\/p>\n<\/div><\/div><\/div><\/div><\/div><\/div><div class=\"wpb_column pos-top pos-center align_left column_parent col-lg-4 single-internal-gutter\"><div class=\"uncol style-light animate_when_almost_visible right-t-left\"  ><div class=\"uncoltable\"><div class=\"uncell no-block-padding\" ><div class=\"uncont\" ><div class=\"empty-space empty-quad\" ><span class=\"empty-space-inner\"><\/span><\/div>\n<div class=\"uncode-single-media  text-left\"><div class=\"single-wrapper\" style=\"max-width: 100%;\"><div class=\"tmb tmb-light  tmb-shadowed tmb-shadowed-lg tmb-img-ratio tmb-media-first tmb-media-last tmb-content-overlay tmb-no-bg\"><div class=\"t-inside\"><div class=\"t-entry-visual\"><div class=\"t-entry-visual-tc\"><div class=\"uncode-single-media-wrapper\"><div class=\"dummy\" style=\"padding-top: 149.8%;\"><\/div><img decoding=\"async\" class=\"wp-image-88225\" src=\"https:\/\/gaalphoto.com\/wp-content\/uploads\/2021\/03\/balance2016-e1493160138577.jpg\" width=\"801\" height=\"1200\" alt=\"magamr&oacute;l, ga&aacute;l attila fotogr&aacute;fus\" srcset=\"https:\/\/gaalphoto.com\/wp-content\/uploads\/2021\/03\/balance2016-e1493160138577.jpg 801w, https:\/\/gaalphoto.com\/wp-content\/uploads\/2021\/03\/balance2016-e1493160138577-200x300.jpg 200w, https:\/\/gaalphoto.com\/wp-content\/uploads\/2021\/03\/balance2016-e1493160138577-684x1024.jpg 684w, https:\/\/gaalphoto.com\/wp-content\/uploads\/2021\/03\/balance2016-e1493160138577-768x1151.jpg 768w, https:\/\/gaalphoto.com\/wp-content\/uploads\/2021\/03\/balance2016-e1493160138577-uai-480x720.jpg 480w, https:\/\/gaalphoto.com\/wp-content\/uploads\/2021\/03\/balance2016-e1493160138577-uai-688x1032.jpg 688w, https:\/\/gaalphoto.com\/wp-content\/uploads\/2021\/03\/balance2016-e1493160138577-uai-344x516.jpg 344w, https:\/\/gaalphoto.com\/wp-content\/uploads\/2021\/03\/balance2016-e1493160138577-uai-258x387.jpg 258w, https:\/\/gaalphoto.com\/wp-content\/uploads\/2021\/03\/balance2016-e1493160138577-uai-516x773.jpg 516w\" sizes=\"(max-width: 801px) 100vw, 801px\" \/><\/div>\n\t\t\t\t\t<\/div>\n\t\t\t\t<\/div><\/div><\/div><\/div><\/div><\/div><\/div><\/div><\/div><\/div><script id=\"script-row-unique-1\" data-row=\"script-row-unique-1\" type=\"text\/javascript\" class=\"vc_controls\">UNCODE.initRow(document.getElementById(\"row-unique-1\"));<\/script><\/div><\/div><\/div><div data-parent=\"true\" class=\"vc_row row-container\" id=\"row-unique-2\"><div class=\"row unequal col-no-gutter no-top-padding no-bottom-padding no-h-padding full-width row-parent\"><div class=\"wpb_row row-inner\"><div class=\"wpb_column pos-top pos-center align_left column_parent col-lg-3 single-internal-gutter\"><div class=\"uncol style-light\"  ><div class=\"uncoltable\" style=\"min-height: 280px;\"><div class=\"uncell triple-block-padding\" ><div class=\"column-background background-element\">\n\t\t\t\t\t\t\t\t\t\t\t<div class=\"background-wrapper\">\n\t\t\t\t\t\t\t\t\t\t\t\t<div class=\"background-inner\" style=\"background-image: url(https:\/\/gaalphoto.com\/wp-content\/uploads\/2023\/01\/Hero-Tile-EOSR6MarkIIComparison-1400x960px.jpg);background-repeat: no-repeat;background-position: center center;background-size: cover;\" data-o_src=\"https:\/\/gaalphoto.com\/wp-content\/uploads\/2023\/01\/Hero-Tile-EOSR6MarkIIComparison-1400x960px.jpg\"><\/div>\n\t\t\t\t\t\t\t\t\t\t\t\t\n\t\t\t\t\t\t\t\t\t\t\t<\/div>\n\t\t\t\t\t\t\t\t\t\t<\/div><div class=\"uncont\" ><\/div><\/div><\/div><\/div><\/div><div class=\"wpb_column pos-top pos-center align_center align_center_tablet align_center_mobile column_parent col-lg-3 single-internal-gutter\"><div class=\"uncol style-light\"  ><div class=\"uncoltable\"><div class=\"uncell double-block-padding style-color-xsdn-bg has-bg\" ><div class=\"uncont\" ><div class=\"vc_custom_heading_wrap\"><div class=\"heading-text el-text\" ><h3 class=\"h2\" ><span>Fot\u00f3technika<\/span><\/h3><\/div><div class=\"clear\"><\/div><\/div><div class=\"uncode_text_column\" ><\/p>\n<p style=\"text-align: justify;\">A felszerel\u00e9s amivel dolgozom. Sok \u00e9v tapasztalat\u00e1nak \u00e9s sz\u00e1mtalan \u00f3ra technikai tanul\u00e1snak az eredm\u00e9nyek\u00e9nt \u00e1ll\u00edtottam \u00f6ssze a lehet\u0151 legjobb felszerel\u00e9st a munk\u00e1mhoz.<br \/>\nLegf\u0151bb munkaeszk\u00f6zeim a Canon EOS R sz\u00e9ri\u00e1s t\u00fck\u00f6r n\u00e9lk\u00fcli kamer\u00e1k \u00e9s sz\u00e1mtalan hozz\u00e1juk tartoz\u00f3 objekt\u00edv valamint az esk\u00fcv\u0151i \u00e9s rendezv\u00e9ny filmfelv\u00e9telekhez Canon XA70 vide\u00f3kamera \u00e9s DJI minikamer\u00e1k.<\/p>\n<p>\n<\/div><\/div><\/div><\/div><\/div><\/div><div class=\"wpb_column pos-top pos-center align_left align_center_tablet align_center_mobile column_parent col-lg-3 single-internal-gutter\"><div class=\"uncol style-spec style-dark\"  ><div class=\"uncoltable\"><div class=\"uncell triple-block-padding style-color-jevc-bg has-bg\" ><div class=\"column-background background-element\">\n\t\t\t\t\t\t\t\t\t\t\t<div class=\"background-wrapper\">\n\t\t\t\t\t\t\t\t\t\t\t\t<div class=\"background-inner\" style=\"background-image: url(https:\/\/gaalphoto.com\/wp-content\/uploads\/2025\/01\/xa70-fsl_4x3_d47de61644794019962557deba04ceb3.jpeg);background-repeat: no-repeat;background-position: center center;background-size: cover;\" data-o_src=\"https:\/\/gaalphoto.com\/wp-content\/uploads\/2025\/01\/xa70-fsl_4x3_d47de61644794019962557deba04ceb3.jpeg\"><\/div>\n\t\t\t\t\t\t\t\t\t\t\t\t\n\t\t\t\t\t\t\t\t\t\t\t<\/div>\n\t\t\t\t\t\t\t\t\t\t<\/div><div class=\"uncont\" ><\/div><\/div><\/div><\/div><\/div><div class=\"wpb_column pos-top pos-center align_left align_center_tablet align_center_mobile column_parent col-lg-3 single-internal-gutter\"><div class=\"uncol style-light\"  ><div class=\"uncoltable\"><div class=\"uncell double-block-padding\" ><div class=\"uncont\" ><div class=\"uncode_text_column\" ><p>Canon EOS R<\/p>\n<p>Canon EOS R6 mark II<\/p>\n<p>Canon EF 100 mm F2.8 L IS USM macro<\/p>\n<p>Canon EF 50 mm F1.2 L USM<\/p>\n<p>Canon EF 70-200 mm F2.8 IS II L USM<\/p>\n<p>Canon EF 16-35 mm F4 IS L USM<\/p>\n<p>Canon EF 24-70 mm F2.8 L USM<\/p>\n<p>Canon EF-S 10-22 mm F3.5-5.6 USM<\/p>\n<p>Canon EF 300 mm F4 IS L USM<\/p>\n<p>RF 35 mm F1.8 IS USM<\/p>\n<p>RF 85 mm F2 IS USM<\/p>\n<p>RF 24-105 mm F4 L IS USM<\/p>\n<\/div><\/div><\/div><\/div><\/div><\/div><script id=\"script-row-unique-2\" data-row=\"script-row-unique-2\" type=\"text\/javascript\" class=\"vc_controls\">UNCODE.initRow(document.getElementById(\"row-unique-2\"));<\/script><\/div><\/div><\/div><div data-parent=\"true\" class=\"vc_row has-bg need-focus style-color-wayh-bg row-container\" id=\"row-unique-3\"><div class=\"row unequal col-no-gutter no-top-padding no-bottom-padding no-h-padding full-width row-parent\"><div class=\"wpb_row row-inner\"><div class=\"wpb_column pos-top pos-center align_left column_parent col-lg-3 single-internal-gutter\"><div class=\"uncol style-light\"  ><div class=\"uncoltable\"><div class=\"uncell triple-block-padding style-color-xsdn-bg has-bg\" ><div class=\"uncont\" ><div class=\"vc_custom_heading_wrap\"><div class=\"heading-text el-text\" ><h3 class=\"h2\" ><span>Video eszk\u00f6z\u00f6k<\/span><\/h3><\/div><div class=\"clear\"><\/div><\/div><div class=\"uncode_text_column\" ><p>Canon XA70 professzion\u00e1lis vide\u00f3kamera<\/p>\n<p>DJI Mavic pro \u00e9s Mini4Pro dr\u00f3n a l\u00e9gifelv\u00e9telekhez<\/p>\n<p>DJI Ronin-RS3 gimbal a t\u00f6k\u00e9letesen stabil vide\u00f3khoz.<\/p>\n<p>Motoros slider a gy\u00f6ny\u00f6r\u0171 timelapse \u00e9s lass\u00edtott vide\u00f3khoz.<\/p>\n<p>DJI OSMO minikamer\u00e1k<\/p>\n<\/div><\/div><\/div><\/div><\/div><\/div><div class=\"wpb_column pos-top pos-center align_left column_parent col-lg-3 tablet-hidden mobile-hidden single-internal-gutter\"><div class=\"uncol style-spec style-dark\"  ><div class=\"uncoltable\"><div class=\"uncell triple-block-padding\" ><div class=\"column-background background-element\">\n\t\t\t\t\t\t\t\t\t\t\t<div class=\"background-wrapper\">\n\t\t\t\t\t\t\t\t\t\t\t\t<div class=\"background-inner\" style=\"background-image: url(https:\/\/gaalphoto.com\/wp-content\/uploads\/2021\/03\/mavic.jpg);background-repeat: no-repeat;background-position: center center;background-size: cover;\" data-o_src=\"https:\/\/gaalphoto.com\/wp-content\/uploads\/2021\/03\/mavic.jpg\"><\/div>\n\t\t\t\t\t\t\t\t\t\t\t\t\n\t\t\t\t\t\t\t\t\t\t\t<\/div>\n\t\t\t\t\t\t\t\t\t\t<\/div><div class=\"uncont\" ><\/div><\/div><\/div><\/div><\/div><div class=\"wpb_column pos-top pos-center align_left align_center_tablet align_center_mobile column_parent col-lg-3 single-internal-gutter\"><div class=\"uncol style-light\"  ><div class=\"uncoltable\"><div class=\"uncell triple-block-padding style-color-xsdn-bg has-bg\" ><div class=\"uncont\" ><div class=\"vc_custom_heading_wrap\"><div class=\"heading-text el-text\" ><h3 class=\"h2\" ><span>Vaku technika<\/span><\/h3><\/div><div class=\"clear\"><\/div><\/div><div class=\"uncode_text_column\" ><p>Akkumul\u00e1toros st\u00fadi\u00f3vakuk a t\u00f6k\u00e9letes ingatlan \u00e9s kreat\u00edv fot\u00f3khoz.<\/p>\n<p>Vezet\u00e9kes st\u00fadi\u00f3vakuk a megfelel\u0151 portr\u00e9vil\u00e1g\u00edt\u00e1shoz.<\/p>\n<p>Rendszervakuk az esk\u00fcv\u0151i install\u00e1ci\u00f3khoz.<\/p>\n<\/div><\/div><\/div><\/div><\/div><\/div><div class=\"wpb_column pos-top pos-center align_left column_parent col-lg-3 single-internal-gutter\"><div class=\"uncol style-light\"  ><div class=\"uncoltable\" style=\"min-height: 280px;\"><div class=\"uncell triple-block-padding\" ><div class=\"column-background background-element\">\n\t\t\t\t\t\t\t\t\t\t\t<div class=\"background-wrapper\">\n\t\t\t\t\t\t\t\t\t\t\t\t<div class=\"background-inner\" style=\"background-image: url(https:\/\/gaalphoto.com\/wp-content\/uploads\/2021\/03\/lens.jpg);background-repeat: no-repeat;background-position: right bottom;background-size: cover;\" data-o_src=\"https:\/\/gaalphoto.com\/wp-content\/uploads\/2021\/03\/lens.jpg\"><\/div>\n\t\t\t\t\t\t\t\t\t\t\t\t\n\t\t\t\t\t\t\t\t\t\t\t<\/div>\n\t\t\t\t\t\t\t\t\t\t<\/div><div class=\"uncont\" ><\/div><\/div><\/div><\/div><\/div><script id=\"script-row-unique-3\" data-row=\"script-row-unique-3\" type=\"text\/javascript\" class=\"vc_controls\">UNCODE.initRow(document.getElementById(\"row-unique-3\"));<\/script><\/div><\/div><\/div>\n<\/div>","protected":false},"excerpt":{"rendered":"<p>Magamr\u00f3l n\u00e9h\u00e1ny sz\u00f3ban.<\/p>","protected":false},"author":1,"featured_media":88225,"parent":0,"menu_order":0,"comment_status":"closed","ping_status":"closed","template":"","meta":{"_exactmetrics_skip_tracking":false,"_exactmetrics_sitenote_active":false,"_exactmetrics_sitenote_note":"","_exactmetrics_sitenote_category":0,"footnotes":""},"class_list":["post-88038","page","type-page","status-publish","has-post-thumbnail","hentry"],"_links":{"self":[{"href":"https:\/\/gaalphoto.com\/en\/wp-json\/wp\/v2\/pages\/88038","targetHints":{"allow":["GET"]}}],"collection":[{"href":"https:\/\/gaalphoto.com\/en\/wp-json\/wp\/v2\/pages"}],"about":[{"href":"https:\/\/gaalphoto.com\/en\/wp-json\/wp\/v2\/types\/page"}],"author":[{"embeddable":true,"href":"https:\/\/gaalphoto.com\/en\/wp-json\/wp\/v2\/users\/1"}],"replies":[{"embeddable":true,"href":"https:\/\/gaalphoto.com\/en\/wp-json\/wp\/v2\/comments?post=88038"}],"version-history":[{"count":31,"href":"https:\/\/gaalphoto.com\/en\/wp-json\/wp\/v2\/pages\/88038\/revisions"}],"predecessor-version":[{"id":90131,"href":"https:\/\/gaalphoto.com\/en\/wp-json\/wp\/v2\/pages\/88038\/revisions\/90131"}],"wp:featuredmedia":[{"embeddable":true,"href":"https:\/\/gaalphoto.com\/en\/wp-json\/wp\/v2\/media\/88225"}],"wp:attachment":[{"href":"https:\/\/gaalphoto.com\/en\/wp-json\/wp\/v2\/media?parent=88038"}],"curies":[{"name":"wp","href":"https:\/\/api.w.org\/{rel}","templated":true}]}}