{"id":88051,"date":"2021-02-18T17:34:11","date_gmt":"2021-02-18T17:34:11","guid":{"rendered":"https:\/\/gaalphoto.com\/?page_id=88051"},"modified":"2022-05-20T21:27:07","modified_gmt":"2022-05-20T21:27:07","slug":"targyfotozas","status":"publish","type":"page","link":"https:\/\/gaalphoto.com\/en\/targyfotozas\/","title":{"rendered":"T\u00e1rgyfot\u00f3z\u00e1s"},"content":{"rendered":"<div class=\"wpb-content-wrapper\"><div data-parent=\"true\" class=\"vc_row inverted-device-order row-container\" id=\"row-unique-0\"><div class=\"row unequal col-no-gutter no-top-padding no-bottom-padding no-h-padding full-width row-parent\"><div class=\"wpb_row row-inner\"><div class=\"wpb_column pos-top pos-center align_left column_parent col-lg-6 single-internal-gutter\"><div class=\"uncol style-light\"  ><div class=\"uncoltable\"><div class=\"uncell quad-block-padding\" ><div class=\"uncont\" style=\" max-width:528px;\" ><div class=\"vc_custom_heading_wrap \"><div class=\"heading-text el-text\" ><h6 class=\"fontsize-160000 fontspace-135905 text-accent-color text-uppercase\" ><span>T\u00e1rgyfot\u00f3z\u00e1s<\/span><\/h6><\/div><div class=\"clear\"><\/div><\/div><div class=\"vc_custom_heading_wrap \"><div class=\"heading-text el-text\" ><h2 class=\"h2\" ><span>Kreat\u00edv t\u00e1rgyfot\u00f3z\u00e1s webshophoz, weblaphoz, m\u0171alkot\u00e1sok repro fot\u00f3z\u00e1sa<\/span><\/h2><\/div><div class=\"clear\"><\/div><\/div><div class=\"uncode_text_column text-lead\" ><\/p>\n<p style=\"text-align: justify;\">A t\u00e1rgyfot\u00f3z\u00e1s nagyon szerte\u00e1gaz\u00f3 m\u0171faj. Text\u00fara, fel\u00fclet, anyagszer\u0171s\u00e9g, m\u00e9ret \u00e9rz\u00e9keltet\u00e9s, t\u00fckr\u00f6z\u0151d\u00e9sek elker\u00fcl\u00e9se. N\u00e9h\u00e1ny dolog amelyet be kell mutatni egy t\u00e1rgy f\u00e9nyk\u00e9pi \u00e1br\u00e1zol\u00e1s\u00e1n\u00e1l \u00e9s ugyanakkor figyelni kell a zavar\u00f3 r\u00e9szletek elker\u00fcl\u00e9s\u00e9re. Hozzuk ki a maximumot a term\u00e9k\u00e9b\u0151l legyen az apr\u00f3 \u00e9kszer, ruha, \u00e9lelmiszer, m\u0171alkot\u00e1s, b\u00fator, \u00f3ra vagy ak\u00e1r egy aut\u00f3, megkeresem a legalkalmasabb technik\u00e1t \u00e9s elk\u00e9sz\u00edtem r\u00f3la a legjobb k\u00e9peket ig\u00e9nyei szerint.<\/p>\n<p>\n<\/div><div class=\"empty-space empty-half\" ><span class=\"empty-space-inner\"><\/span><\/div>\n<div class=\"vc_row row-internal row-container\"><div class=\"row row-child\"><div class=\"wpb_row row-inner\"><div class=\"wpb_column pos-top pos-center align_left column_child col-lg-6 col-md-50 single-internal-gutter\"><div class=\"uncol style-light\" ><div class=\"uncoltable\"><div class=\"uncell no-block-padding\" ><div class=\"uncont\" ><div class=\"vc_custom_heading_wrap \"><div class=\"heading-text el-text\" ><h3 class=\"h4\" ><span>St\u00fadi\u00f3ban<\/span><\/h3><div class=\"text-small\"><p>St\u00fadi\u00f3 k\u00f6r\u00fclm\u00e9nyek k\u00f6z\u00f6tt a sokf\u00e9le fotogr\u00e1fiai megold\u00e1s alkalmaz\u00e1s\u00e1val t\u00f6k\u00e9letes k\u00e9pek k\u00e9sz\u00fclhetnek. El\u0151nye az ir\u00e1ny\u00edtott f\u00e9nyek, a lehet\u0151 legnagyobb felbont\u00e1s \u00e9s az azonnali ellen\u0151rizhet\u0151s\u00e9g.<\/p>\n<\/div><\/div><div class=\"clear\"><\/div><\/div><\/div><\/div><\/div><\/div><\/div><div class=\"wpb_column pos-top pos-center align_right column_child col-lg-6 col-md-50 single-internal-gutter\"><div class=\"uncol style-light\" ><div class=\"uncoltable\"><div class=\"uncell no-block-padding\" ><div class=\"uncont\" ><div class=\"vc_custom_heading_wrap \"><div class=\"heading-text el-text\" ><h3 class=\"h4\" ><span>K\u00fcls\u0151 helysz\u00ednen<\/span><\/h3><div class=\"text-small\"><p>Ha nincs r\u00e1 m\u00f3d, hogy st\u00fadi\u00f3ba fot\u00f3zzuk le a term\u00e9k\u00e9t, akkor a helysz\u00ednen is megoldhat\u00f3 a fot\u00f3z\u00e1s pl. \u00e9telek vagy nagyobb t\u00e1rgyak, aut\u00f3k eset\u00e9n. Ilyenkor a fot\u00f3z\u00e1s t\u00f6bb id\u0151t vesz ig\u00e9nybe, mert alkalmazkodni kell a kev\u00e9sb\u00e9 ide\u00e1lis k\u00f6r\u00fclm\u00e9nyekhez.<\/p>\n<\/div><\/div><div class=\"clear\"><\/div><\/div><\/div><\/div><\/div><\/div><\/div><\/div><\/div><\/div><\/div><\/div><\/div><\/div><\/div><div class=\"wpb_column pos-top pos-center align_left column_parent col-lg-6 single-internal-gutter\"><div class=\"uncol style-light\"  ><div class=\"uncoltable\" style=\"min-height: 340px;\"><div class=\"uncell single-block-padding\" ><div class=\"column-background background-element\">\n\t\t\t\t\t\t\t\t\t\t\t<div class=\"background-wrapper\">\n\t\t\t\t\t\t\t\t\t\t\t\t<div class=\"background-inner\" style=\"background-image: url(https:\/\/gaalphoto.com\/wp-content\/uploads\/2021\/03\/flower.jpg);background-repeat: no-repeat;background-position: center center;background-size: cover;\" data-o_src=\"https:\/\/gaalphoto.com\/wp-content\/uploads\/2021\/03\/flower.jpg\"><\/div>\n\t\t\t\t\t\t\t\t\t\t\t\t\n\t\t\t\t\t\t\t\t\t\t\t<\/div>\n\t\t\t\t\t\t\t\t\t\t<\/div><div class=\"uncont\" ><\/div><\/div><\/div><\/div><\/div><script id=\"script-row-unique-0\" data-row=\"script-row-unique-0\" type=\"text\/javascript\" class=\"vc_controls\">UNCODE.initRow(document.getElementById(\"row-unique-0\"));<\/script><\/div><\/div><\/div><div data-parent=\"true\" class=\"vc_row vc_custom_1616270678621 border-color-gyho-color row-container\" style=\"border-style: solid;border-top-width: 1px ;border-bottom-width: 1px ;\" id=\"row-unique-1\"><div class=\"row triple-top-padding triple-bottom-padding single-h-padding full-width row-parent\"><div class=\"wpb_row row-inner\"><div class=\"wpb_column pos-top pos-center align_center column_parent col-lg-12 single-internal-gutter\"><div class=\"uncol style-light\"  ><div class=\"uncoltable\"><div class=\"uncell no-block-padding\" ><div class=\"uncont\" ><div class=\"un-media-gallery owl-carousel-wrapper\">\n\t\t\n\t\n\t<div class=\"owl-carousel-container owl-carousel-loading half-gutter\" >\n\t\t\t\t\t\t\t\t\t<div id=\"gallery-4\" class=\"owl-carousel owl-element owl-height-auto\" data-loop=\"true\" data-nav=\"true\" data-navmobile=\"true\" data-navskin=\"dark\" data-navspeed=\"400\" data-autoplay=\"true\" data-timeout=\"3000\" data-autoheight=\"true\" data-stagepadding=\"0\" data-lg=\"2\" data-md=\"2\" data-sm=\"1\">\n<div class=\"tmb tmb-carousel tmb-no-double-tap tmb-iso-h4 tmb-light tmb-overlay-text-anim tmb-overlay-anim tmb-overlay-text-reduced tmb-overlay-center tmb-overlay-middle tmb-overlay-text-center tmb-text-space-reduced tmb-image-anim tmb-shadowed tmb-media-shadowed-darker-std tmb-bordered tmb-id-88731  tmb-media-first tmb-media-last tmb-content-overlay tmb-no-bg tmb-lightbox\" ><div class=\"t-inside animate_when_almost_visible bottom-t-top\" data-delay=\"200\"><div class=\"t-entry-visual\"><div class=\"t-entry-visual-tc\"><div class=\"t-entry-visual-cont\"><div class=\"dummy\" style=\"padding-top: 66.6%;\"><\/div><a  class=\"pushed\" data-caption=\"1\" data-deep=\"gallery-4_88731\" data-lbox=\"ilightbox_gallery-4_88731\" data-external-thumb-image=\"https:\/\/gaalphoto.com\/wp-content\/uploads\/2021\/03\/LED2021-66-1-150x150.jpg\" data-lg-size=\"1921-1280\" data-album='[{\"thumb\":\"https:\/\/gaalphoto.com\/wp-content\/uploads\/2021\/03\/LED2021-66-1-300x200.jpg\",\"size\":\"1921-1280\",\"src\":\"https:\/\/gaalphoto.com\/wp-content\/uploads\/2021\/03\/LED2021-66-1.jpg\"},{\"thumb\":\"https:\/\/gaalphoto.com\/wp-content\/uploads\/2021\/03\/LED-febr12-6-300x200.jpg\",\"size\":\"1921-1280\",\"src\":\"https:\/\/gaalphoto.com\/wp-content\/uploads\/2021\/03\/LED-febr12-6.jpg\"},{\"thumb\":\"https:\/\/gaalphoto.com\/wp-content\/uploads\/2021\/03\/LED-febr12-7-300x200.jpg\",\"size\":\"1921-1280\",\"src\":\"https:\/\/gaalphoto.com\/wp-content\/uploads\/2021\/03\/LED-febr12-7.jpg\"},{\"thumb\":\"https:\/\/gaalphoto.com\/wp-content\/uploads\/2021\/03\/LED-febr12-3-300x200.jpg\",\"size\":\"1921-1280\",\"src\":\"https:\/\/gaalphoto.com\/wp-content\/uploads\/2021\/03\/LED-febr12-3.jpg\"},{\"thumb\":\"https:\/\/gaalphoto.com\/wp-content\/uploads\/2021\/03\/LED-febr12-1-300x200.jpg\",\"size\":\"1921-1280\",\"src\":\"https:\/\/gaalphoto.com\/wp-content\/uploads\/2021\/03\/LED-febr12-1.jpg\"},{\"thumb\":\"https:\/\/gaalphoto.com\/wp-content\/uploads\/2021\/03\/LED2021-77-300x200.jpg\",\"size\":\"2560-1707\",\"src\":\"https:\/\/gaalphoto.com\/wp-content\/uploads\/2021\/03\/LED2021-77-scaled.jpg\"}]' data-lb-index=\"0\"><div class=\"t-entry-visual-overlay\"><div class=\"t-entry-visual-overlay-in style-color-prif-bg\" style=\"opacity: 0.4;\"><\/div><\/div><div class=\"t-overlay-wrap\"><div class=\"t-overlay-inner\">\n\t\t\t\t\t\t\t\t\t\t\t\t\t\t<div class=\"t-overlay-content\">\n\t\t\t\t\t\t\t\t\t\t\t\t\t\t\t<div class=\"t-overlay-text half-block-padding\"><div class=\"t-entry\"><i class=\"fa fa-plus2 t-overlay-icon\"><\/i><p class=\"t-entry-meta\"><span>Ezek a k\u00fcl\u00f6nleges op-art m\u0171alkot\u00e1sok a Mysterlight boszork\u00e1nykonyh\u00e1j\u00e1ban k\u00e9sz\u00fclnek. www.mysterlight.hu<\/span><\/p><\/div><\/div><\/div><\/div><\/div><img decoding=\"async\" class=\"wp-image-88731\" src=\"https:\/\/gaalphoto.com\/wp-content\/uploads\/2021\/03\/LED2021-66-1.jpg\" width=\"1921\" height=\"1280\" alt=\"t\u00e1rgyfot\u00f3z\u00e1s\" srcset=\"https:\/\/gaalphoto.com\/wp-content\/uploads\/2021\/03\/LED2021-66-1.jpg 1921w, https:\/\/gaalphoto.com\/wp-content\/uploads\/2021\/03\/LED2021-66-1-300x200.jpg 300w, https:\/\/gaalphoto.com\/wp-content\/uploads\/2021\/03\/LED2021-66-1-1024x682.jpg 1024w, https:\/\/gaalphoto.com\/wp-content\/uploads\/2021\/03\/LED2021-66-1-768x512.jpg 768w, https:\/\/gaalphoto.com\/wp-content\/uploads\/2021\/03\/LED2021-66-1-1536x1023.jpg 1536w, https:\/\/gaalphoto.com\/wp-content\/uploads\/2021\/03\/LED2021-66-1-16x12.jpg 16w, https:\/\/gaalphoto.com\/wp-content\/uploads\/2021\/03\/LED2021-66-1-uai-516x344.jpg 516w\" sizes=\"(max-width: 1921px) 100vw, 1921px\" \/><\/a><\/div>\n\t\t\t\t\t<\/div>\n\t\t\t\t<\/div><\/div><\/div><div class=\"tmb tmb-carousel tmb-no-double-tap tmb-iso-h4 tmb-light tmb-overlay-text-anim tmb-overlay-anim tmb-overlay-text-reduced tmb-overlay-center tmb-overlay-middle tmb-overlay-text-center tmb-text-space-reduced tmb-image-anim tmb-shadowed tmb-media-shadowed-darker-std tmb-bordered tmb-id-88737  tmb-media-first tmb-media-last tmb-content-overlay tmb-no-bg tmb-lightbox\" ><div class=\"t-inside animate_when_almost_visible bottom-t-top\" data-delay=\"200\"><div class=\"t-entry-visual\"><div class=\"t-entry-visual-tc\"><div class=\"t-entry-visual-cont\"><div class=\"dummy\" style=\"padding-top: 66.7%;\"><\/div><a  class=\"pushed\" data-caption=\"1\" data-deep=\"gallery-4_88737\" data-lbox=\"ilightbox_gallery-4_88737\" data-external-thumb-image=\"https:\/\/gaalphoto.com\/wp-content\/uploads\/2021\/03\/4V3A2800mod-150x150.jpg\" data-lg-size=\"1920-1280\" data-album='[{\"thumb\":\"https:\/\/gaalphoto.com\/wp-content\/uploads\/2021\/03\/4V3A2800mod-300x200.jpg\",\"size\":\"1920-1280\",\"src\":\"https:\/\/gaalphoto.com\/wp-content\/uploads\/2021\/03\/4V3A2800mod.jpg\"},{\"thumb\":\"https:\/\/gaalphoto.com\/wp-content\/uploads\/2021\/03\/4V3A2879-300x200.jpg\",\"size\":\"1920-1280\",\"src\":\"https:\/\/gaalphoto.com\/wp-content\/uploads\/2021\/03\/4V3A2879.jpg\"},{\"thumb\":\"https:\/\/gaalphoto.com\/wp-content\/uploads\/2021\/03\/merci_old-36-300x200.jpg\",\"size\":\"1920-1280\",\"src\":\"https:\/\/gaalphoto.com\/wp-content\/uploads\/2021\/03\/merci_old-36.jpg\"},{\"thumb\":\"https:\/\/gaalphoto.com\/wp-content\/uploads\/2021\/03\/Olympia-7-300x200.jpg\",\"size\":\"1920-1280\",\"src\":\"https:\/\/gaalphoto.com\/wp-content\/uploads\/2021\/03\/Olympia-7.jpg\"},{\"thumb\":\"https:\/\/gaalphoto.com\/wp-content\/uploads\/2021\/03\/Olympia-15-300x200.jpg\",\"size\":\"1920-1280\",\"src\":\"https:\/\/gaalphoto.com\/wp-content\/uploads\/2021\/03\/Olympia-15.jpg\"},{\"thumb\":\"https:\/\/gaalphoto.com\/wp-content\/uploads\/2021\/03\/Z1-4-dr.gaal_.attila@gmail.com_-300x200.jpg\",\"size\":\"2560-1707\",\"src\":\"https:\/\/gaalphoto.com\/wp-content\/uploads\/2021\/03\/Z1-4-dr.gaal_.attila@gmail.com_-scaled.jpg\"},{\"thumb\":\"https:\/\/gaalphoto.com\/wp-content\/uploads\/2021\/03\/Z1-25-dr.gaal_.attila@gmail.com_-300x200.jpg\",\"size\":\"2560-1707\",\"src\":\"https:\/\/gaalphoto.com\/wp-content\/uploads\/2021\/03\/Z1-25-dr.gaal_.attila@gmail.com_-scaled.jpg\"},{\"thumb\":\"https:\/\/gaalphoto.com\/wp-content\/uploads\/2021\/03\/T1-7-300x200.jpg\",\"size\":\"1920-1280\",\"src\":\"https:\/\/gaalphoto.com\/wp-content\/uploads\/2021\/03\/T1-7.jpg\"},{\"thumb\":\"https:\/\/gaalphoto.com\/wp-content\/uploads\/2021\/03\/T1-2-300x200.jpg\",\"size\":\"1920-1280\",\"src\":\"https:\/\/gaalphoto.com\/wp-content\/uploads\/2021\/03\/T1-2.jpg\"},{\"thumb\":\"https:\/\/gaalphoto.com\/wp-content\/uploads\/2021\/03\/4V3A2977-HDR-Edit-300x200.jpg\",\"size\":\"1920-1277\",\"src\":\"https:\/\/gaalphoto.com\/wp-content\/uploads\/2021\/03\/4V3A2977-HDR-Edit.jpg\"},{\"thumb\":\"https:\/\/gaalphoto.com\/wp-content\/uploads\/2021\/03\/4V3A3021-Edit-300x200.jpg\",\"size\":\"1920-1280\",\"src\":\"https:\/\/gaalphoto.com\/wp-content\/uploads\/2021\/03\/4V3A3021-Edit.jpg\"},{\"thumb\":\"https:\/\/gaalphoto.com\/wp-content\/uploads\/2021\/03\/4V3A3172-HDR-Edit-final-300x199.jpg\",\"size\":\"1920-1271\",\"src\":\"https:\/\/gaalphoto.com\/wp-content\/uploads\/2021\/03\/4V3A3172-HDR-Edit-final.jpg\"},{\"thumb\":\"https:\/\/gaalphoto.com\/wp-content\/uploads\/2021\/03\/4V3A3269-Edit-300x200.jpg\",\"size\":\"1920-1280\",\"src\":\"https:\/\/gaalphoto.com\/wp-content\/uploads\/2021\/03\/4V3A3269-Edit.jpg\"},{\"thumb\":\"https:\/\/gaalphoto.com\/wp-content\/uploads\/2021\/03\/bmw-5-300x200.jpg\",\"size\":\"2560-1707\",\"src\":\"https:\/\/gaalphoto.com\/wp-content\/uploads\/2021\/03\/bmw-5-scaled.jpg\"}]' data-lb-index=\"0\"><div class=\"t-entry-visual-overlay\"><div class=\"t-entry-visual-overlay-in style-color-prif-bg\" style=\"opacity: 0.4;\"><\/div><\/div><div class=\"t-overlay-wrap\"><div class=\"t-overlay-inner\">\n\t\t\t\t\t\t\t\t\t\t\t\t\t\t<div class=\"t-overlay-content\">\n\t\t\t\t\t\t\t\t\t\t\t\t\t\t\t<div class=\"t-overlay-text half-block-padding\"><div class=\"t-entry\"><i class=\"fa fa-plus2 t-overlay-icon\"><\/i><p class=\"t-entry-meta\"><span>Aut\u00f3 restaur\u00e1l\u00e1s a legmagasabb sz\u00ednten. Megrendel\u0151: www.restaureum.at<\/span><\/p><\/div><\/div><\/div><\/div><\/div><img decoding=\"async\" class=\"wp-image-88737\" src=\"https:\/\/gaalphoto.com\/wp-content\/uploads\/2021\/03\/4V3A2800mod.jpg\" width=\"1920\" height=\"1280\" alt=\"\" srcset=\"https:\/\/gaalphoto.com\/wp-content\/uploads\/2021\/03\/4V3A2800mod.jpg 1920w, https:\/\/gaalphoto.com\/wp-content\/uploads\/2021\/03\/4V3A2800mod-300x200.jpg 300w, https:\/\/gaalphoto.com\/wp-content\/uploads\/2021\/03\/4V3A2800mod-1024x683.jpg 1024w, https:\/\/gaalphoto.com\/wp-content\/uploads\/2021\/03\/4V3A2800mod-768x512.jpg 768w, https:\/\/gaalphoto.com\/wp-content\/uploads\/2021\/03\/4V3A2800mod-1536x1024.jpg 1536w, https:\/\/gaalphoto.com\/wp-content\/uploads\/2021\/03\/4V3A2800mod-16x12.jpg 16w, https:\/\/gaalphoto.com\/wp-content\/uploads\/2021\/03\/4V3A2800mod-uai-516x344.jpg 516w\" sizes=\"(max-width: 1920px) 100vw, 1920px\" \/><\/a><\/div>\n\t\t\t\t\t<\/div>\n\t\t\t\t<\/div><\/div><\/div><div class=\"tmb tmb-carousel tmb-no-double-tap tmb-iso-h4 tmb-light tmb-overlay-text-anim tmb-overlay-anim tmb-overlay-text-reduced tmb-overlay-center tmb-overlay-middle tmb-overlay-text-center tmb-text-space-reduced tmb-image-anim tmb-shadowed tmb-media-shadowed-darker-std tmb-bordered tmb-id-89668  tmb-media-first tmb-media-last tmb-content-overlay tmb-no-bg tmb-lightbox\" ><div class=\"t-inside animate_when_almost_visible bottom-t-top\" data-delay=\"200\"><div class=\"t-entry-visual\"><div class=\"t-entry-visual-tc\"><div class=\"t-entry-visual-cont\"><div class=\"dummy\" style=\"padding-top: 66.7%;\"><\/div><a  class=\"pushed\" data-caption=\"1\" data-deep=\"gallery-4_89668\" data-lbox=\"ilightbox_gallery-4_89668\" data-external-thumb-image=\"https:\/\/gaalphoto.com\/wp-content\/uploads\/2022\/05\/Omega-24-150x150.jpg\" data-lg-size=\"1920-1280\" data-album='[{\"thumb\":\"https:\/\/gaalphoto.com\/wp-content\/uploads\/2022\/05\/Rolex-4-300x200.jpg\",\"size\":\"1920-1281\",\"src\":\"https:\/\/gaalphoto.com\/wp-content\/uploads\/2022\/05\/Rolex-4.jpg\"},{\"thumb\":\"https:\/\/gaalphoto.com\/wp-content\/uploads\/2022\/05\/Rolex-3-300x200.jpg\",\"size\":\"1920-1283\",\"src\":\"https:\/\/gaalphoto.com\/wp-content\/uploads\/2022\/05\/Rolex-3.jpg\"},{\"thumb\":\"https:\/\/gaalphoto.com\/wp-content\/uploads\/2022\/05\/Rolex-1-300x200.jpg\",\"size\":\"1920-1279\",\"src\":\"https:\/\/gaalphoto.com\/wp-content\/uploads\/2022\/05\/Rolex-1.jpg\"},{\"thumb\":\"https:\/\/gaalphoto.com\/wp-content\/uploads\/2022\/05\/Omega-10-300x200.jpg\",\"size\":\"1920-1280\",\"src\":\"https:\/\/gaalphoto.com\/wp-content\/uploads\/2022\/05\/Omega-10.jpg\"},{\"thumb\":\"https:\/\/gaalphoto.com\/wp-content\/uploads\/2022\/05\/Omega-7-300x200.jpg\",\"size\":\"1920-1280\",\"src\":\"https:\/\/gaalphoto.com\/wp-content\/uploads\/2022\/05\/Omega-7.jpg\"},{\"thumb\":\"https:\/\/gaalphoto.com\/wp-content\/uploads\/2022\/05\/Omega-9-300x200.jpg\",\"size\":\"1920-1280\",\"src\":\"https:\/\/gaalphoto.com\/wp-content\/uploads\/2022\/05\/Omega-9.jpg\"},{\"thumb\":\"https:\/\/gaalphoto.com\/wp-content\/uploads\/2022\/05\/Omega-20-300x200.jpg\",\"size\":\"1920-1280\",\"src\":\"https:\/\/gaalphoto.com\/wp-content\/uploads\/2022\/05\/Omega-20.jpg\"},{\"thumb\":\"https:\/\/gaalphoto.com\/wp-content\/uploads\/2022\/05\/Omega-24-300x200.jpg\",\"size\":\"1920-1280\",\"src\":\"https:\/\/gaalphoto.com\/wp-content\/uploads\/2022\/05\/Omega-24.jpg\"},{\"thumb\":\"https:\/\/gaalphoto.com\/wp-content\/uploads\/2022\/05\/Omega-25-300x200.jpg\",\"size\":\"1920-1280\",\"src\":\"https:\/\/gaalphoto.com\/wp-content\/uploads\/2022\/05\/Omega-25.jpg\"},{\"thumb\":\"https:\/\/gaalphoto.com\/wp-content\/uploads\/2022\/05\/Omega-29-300x199.jpg\",\"size\":\"1920-1276\",\"src\":\"https:\/\/gaalphoto.com\/wp-content\/uploads\/2022\/05\/Omega-29.jpg\"},{\"thumb\":\"https:\/\/gaalphoto.com\/wp-content\/uploads\/2022\/05\/Omega-28-300x199.jpg\",\"size\":\"1920-1276\",\"src\":\"https:\/\/gaalphoto.com\/wp-content\/uploads\/2022\/05\/Omega-28.jpg\"},{\"thumb\":\"https:\/\/gaalphoto.com\/wp-content\/uploads\/2022\/05\/Rolex2_screen-1-300x200.jpg\",\"size\":\"1920-1280\",\"src\":\"https:\/\/gaalphoto.com\/wp-content\/uploads\/2022\/05\/Rolex2_screen-1.jpg\"},{\"thumb\":\"https:\/\/gaalphoto.com\/wp-content\/uploads\/2022\/05\/Rolex2_screen-2-300x200.jpg\",\"size\":\"1920-1277\",\"src\":\"https:\/\/gaalphoto.com\/wp-content\/uploads\/2022\/05\/Rolex2_screen-2.jpg\"},{\"thumb\":\"https:\/\/gaalphoto.com\/wp-content\/uploads\/2022\/05\/Rolex2_screen-3-300x206.jpg\",\"size\":\"1920-1317\",\"src\":\"https:\/\/gaalphoto.com\/wp-content\/uploads\/2022\/05\/Rolex2_screen-3.jpg\"},{\"thumb\":\"https:\/\/gaalphoto.com\/wp-content\/uploads\/2022\/05\/Rolex2_screen-4-300x206.jpg\",\"size\":\"1920-1317\",\"src\":\"https:\/\/gaalphoto.com\/wp-content\/uploads\/2022\/05\/Rolex2_screen-4.jpg\"},{\"thumb\":\"https:\/\/gaalphoto.com\/wp-content\/uploads\/2022\/05\/Rolex2_screen-9-300x200.jpg\",\"size\":\"1920-1280\",\"src\":\"https:\/\/gaalphoto.com\/wp-content\/uploads\/2022\/05\/Rolex2_screen-9.jpg\"}]' data-lb-index=\"0\"><div class=\"t-entry-visual-overlay\"><div class=\"t-entry-visual-overlay-in style-color-prif-bg\" style=\"opacity: 0.4;\"><\/div><\/div><div class=\"t-overlay-wrap\"><div class=\"t-overlay-inner\">\n\t\t\t\t\t\t\t\t\t\t\t\t\t\t<div class=\"t-overlay-content\">\n\t\t\t\t\t\t\t\t\t\t\t\t\t\t\t<div class=\"t-overlay-text half-block-padding\"><div class=\"t-entry\"><i class=\"fa fa-plus2 t-overlay-icon\"><\/i><p class=\"t-entry-meta\"><span>Ki ne szeretn\u00e9 a gy\u00f6ny\u00f6r\u0171 \u00f3r\u00e1kat. Nagy \u00f6r\u00f6mmel k\u00e9sz\u00edtettem el ezeknek a ritka \u00f3r\u00e1knak a f\u00e9nyk\u00e9peit.<\/span><\/p><\/div><\/div><\/div><\/div><\/div><img decoding=\"async\" class=\"wp-image-89668\" src=\"https:\/\/gaalphoto.com\/wp-content\/uploads\/2022\/05\/Omega-24.jpg\" width=\"1920\" height=\"1280\" alt=\"\" srcset=\"https:\/\/gaalphoto.com\/wp-content\/uploads\/2022\/05\/Omega-24.jpg 1920w, https:\/\/gaalphoto.com\/wp-content\/uploads\/2022\/05\/Omega-24-300x200.jpg 300w, https:\/\/gaalphoto.com\/wp-content\/uploads\/2022\/05\/Omega-24-1024x683.jpg 1024w, https:\/\/gaalphoto.com\/wp-content\/uploads\/2022\/05\/Omega-24-768x512.jpg 768w, https:\/\/gaalphoto.com\/wp-content\/uploads\/2022\/05\/Omega-24-1536x1024.jpg 1536w, https:\/\/gaalphoto.com\/wp-content\/uploads\/2022\/05\/Omega-24-18x12.jpg 18w, https:\/\/gaalphoto.com\/wp-content\/uploads\/2022\/05\/Omega-24-uai-258x172.jpg 258w, https:\/\/gaalphoto.com\/wp-content\/uploads\/2022\/05\/Omega-24-uai-1440x960.jpg 1440w, https:\/\/gaalphoto.com\/wp-content\/uploads\/2022\/05\/Omega-24-uai-1032x688.jpg 1032w, https:\/\/gaalphoto.com\/wp-content\/uploads\/2022\/05\/Omega-24-uai-516x344.jpg 516w, https:\/\/gaalphoto.com\/wp-content\/uploads\/2022\/05\/Omega-24-uai-720x480.jpg 720w\" sizes=\"(max-width: 1920px) 100vw, 1920px\" \/><\/a><\/div>\n\t\t\t\t\t<\/div>\n\t\t\t\t<\/div><\/div><\/div>\t\t\t<\/div>\n\t\t\t\t\t<\/div>\n\n\t\n\t\n\t\n<\/div>\n\n<\/div><\/div><\/div><\/div><\/div><script id=\"script-row-unique-1\" data-row=\"script-row-unique-1\" type=\"text\/javascript\" class=\"vc_controls\">UNCODE.initRow(document.getElementById(\"row-unique-1\"));<\/script><\/div><\/div><\/div>\n<\/div>","protected":false},"excerpt":{"rendered":"T\u00e1rgyfot\u00f3z\u00e1sKreat\u00edv t\u00e1rgyfot\u00f3z\u00e1s webshophoz, weblaphoz, m\u0171alkot\u00e1sok repro fot\u00f3z\u00e1saA t\u00e1rgyfot\u00f3z\u00e1s nagyon szerte\u00e1gaz\u00f3 m\u0171faj. Text\u00fara, fel\u00fclet, anyagszer\u0171s\u00e9g, m\u00e9ret \u00e9rz\u00e9keltet\u00e9s, t\u00fckr\u00f6z\u0151d\u00e9sek elker\u00fcl\u00e9se. N\u00e9h\u00e1ny dolog [...]","protected":false},"author":1,"featured_media":0,"parent":0,"menu_order":0,"comment_status":"closed","ping_status":"closed","template":"","meta":{"_exactmetrics_skip_tracking":false,"_exactmetrics_sitenote_active":false,"_exactmetrics_sitenote_note":"","_exactmetrics_sitenote_category":0,"footnotes":""},"class_list":["post-88051","page","type-page","status-publish","hentry"],"_links":{"self":[{"href":"https:\/\/gaalphoto.com\/en\/wp-json\/wp\/v2\/pages\/88051","targetHints":{"allow":["GET"]}}],"collection":[{"href":"https:\/\/gaalphoto.com\/en\/wp-json\/wp\/v2\/pages"}],"about":[{"href":"https:\/\/gaalphoto.com\/en\/wp-json\/wp\/v2\/types\/page"}],"author":[{"embeddable":true,"href":"https:\/\/gaalphoto.com\/en\/wp-json\/wp\/v2\/users\/1"}],"replies":[{"embeddable":true,"href":"https:\/\/gaalphoto.com\/en\/wp-json\/wp\/v2\/comments?post=88051"}],"version-history":[{"count":34,"href":"https:\/\/gaalphoto.com\/en\/wp-json\/wp\/v2\/pages\/88051\/revisions"}],"predecessor-version":[{"id":89682,"href":"https:\/\/gaalphoto.com\/en\/wp-json\/wp\/v2\/pages\/88051\/revisions\/89682"}],"wp:attachment":[{"href":"https:\/\/gaalphoto.com\/en\/wp-json\/wp\/v2\/media?parent=88051"}],"curies":[{"name":"wp","href":"https:\/\/api.w.org\/{rel}","templated":true}]}}