{"id":88266,"date":"2021-03-10T09:47:49","date_gmt":"2021-03-10T09:47:49","guid":{"rendered":"https:\/\/gaalphoto.com\/?page_id=88266"},"modified":"2021-03-28T14:43:39","modified_gmt":"2021-03-28T14:43:39","slug":"szolgaltatasok","status":"publish","type":"page","link":"https:\/\/gaalphoto.com\/en\/szolgaltatasok\/","title":{"rendered":"Szolg\u00e1ltat\u00e1sok"},"content":{"rendered":"<div class=\"wpb-content-wrapper\"><div data-parent=\"true\" class=\"vc_row row-container\" id=\"row-unique-0\"><div class=\"row triple-top-padding single-bottom-padding single-h-padding limit-width row-parent\"><div class=\"wpb_row row-inner\"><div class=\"wpb_column pos-top pos-center align_center column_parent col-lg-12 single-internal-gutter\"><div class=\"uncol style-light\"  ><div class=\"uncoltable\"><div class=\"uncell no-block-padding\" ><div class=\"uncont\" ><div class=\"vc_custom_heading_wrap\"><div class=\"heading-text el-text\" ><\/p>\n<h1>Szolg\u00e1ltat\u00e1sok<\/h1>\n<p>\n<\/div><div class=\"clear\"><\/div><\/div><\/div><\/div><\/div><\/div><\/div><script id=\"script-row-unique-0\" data-row=\"script-row-unique-0\" type=\"text\/javascript\" class=\"vc_controls\">UNCODE.initRow(document.getElementById(\"row-unique-0\"));<\/script><\/div><\/div><\/div><div data-parent=\"true\" class=\"vc_row row-container\" id=\"row-unique-1\"><div class=\"row single-top-padding double-bottom-padding single-h-padding full-width row-parent\"><div class=\"wpb_row row-inner\"><div class=\"wpb_column pos-top pos-center align_center column_parent col-lg-3 single-internal-gutter\"><div class=\"uncol style-light unexpand animate_when_almost_visible top-t-bottom\"  ><div class=\"uncoltable\"><div class=\"uncell no-block-padding unshadow-std\" ><div class=\"uncont\" ><div class=\"uncode-single-media  text-center\"><div class=\"single-wrapper\" style=\"max-width: 100%;\"><div class=\"tmb tmb-light  tmb-media-first tmb-media-last tmb-content-overlay tmb-no-bg\"><div class=\"t-inside\"><div class=\"t-entry-visual\"><div class=\"t-entry-visual-tc\"><div class=\"uncode-single-media-wrapper\"><img decoding=\"async\" class=\"wp-image-88659\" src=\"https:\/\/gaalphoto.com\/wp-content\/uploads\/2021\/03\/IMG_6959-Edit.jpg\" width=\"1281\" height=\"1920\" alt=\"ingatlanfot&oacute;z&aacute;s\" srcset=\"https:\/\/gaalphoto.com\/wp-content\/uploads\/2021\/03\/IMG_6959-Edit.jpg 1281w, https:\/\/gaalphoto.com\/wp-content\/uploads\/2021\/03\/IMG_6959-Edit-200x300.jpg 200w, https:\/\/gaalphoto.com\/wp-content\/uploads\/2021\/03\/IMG_6959-Edit-683x1024.jpg 683w, https:\/\/gaalphoto.com\/wp-content\/uploads\/2021\/03\/IMG_6959-Edit-768x1151.jpg 768w, https:\/\/gaalphoto.com\/wp-content\/uploads\/2021\/03\/IMG_6959-Edit-1025x1536.jpg 1025w, https:\/\/gaalphoto.com\/wp-content\/uploads\/2021\/03\/IMG_6959-Edit-8x12.jpg 8w, https:\/\/gaalphoto.com\/wp-content\/uploads\/2021\/03\/IMG_6959-Edit-uai-258x387.jpg 258w, https:\/\/gaalphoto.com\/wp-content\/uploads\/2021\/03\/IMG_6959-Edit-uai-720x1079.jpg 720w, https:\/\/gaalphoto.com\/wp-content\/uploads\/2021\/03\/IMG_6959-Edit-uai-516x773.jpg 516w, https:\/\/gaalphoto.com\/wp-content\/uploads\/2021\/03\/IMG_6959-Edit-uai-1032x1547.jpg 1032w\" sizes=\"(max-width: 1281px) 100vw, 1281px\" \/><\/div>\n\t\t\t\t\t<\/div>\n\t\t\t\t<\/div><\/div><\/div><\/div><\/div><div class=\"vc_custom_heading_wrap\"><div class=\"heading-text el-text\" ><\/p>\n<h2>Ingatlanfot\u00f3z\u00e1s<\/h2>\n<p>\n<\/div><div class=\"clear\"><\/div><\/div><div class=\"uncode_text_column vc_custom_1616582357327\"  style=\"padding-right: 10px ;padding-left: 10px ;\"><p>\u00c9p\u00fcletfot\u00f3, enteri\u00f6r, dr\u00f3nfot\u00f3 \u00e9s vide\u00f3, minden ami az ingatlan elad\u00e1shoz vagy bemutat\u00e1shoz sz\u00fcks\u00e9ges. Professzion\u00e1lis ingatlan fot\u00f3kat k\u00e9sz\u00edtek az \u00f6n ig\u00e9nyeihez igaz\u00edtva.<\/p>\n<\/div><span class=\"btn-container\" ><a role=\"button\"  href=\"\" class=\"custom-link btn border-width-0 btn-default btn-icon-left\">B\u0151vebben<\/a><\/span><div class=\"empty-space empty-single\" ><span class=\"empty-space-inner\"><\/span><\/div>\n<\/div><\/div><\/div><\/div><a class=\"col-link custom-link\" href=\"https:\/\/gaalphoto.com\/en\/ingatlanfotozas\/\" target=\"_self\" title=\"Ingatlanfot\u00f3z\u00e1s\"><\/a><\/div><div class=\"wpb_column pos-top pos-center align_center column_parent col-lg-3 single-internal-gutter\"><div class=\"uncol style-light unexpand animate_when_almost_visible top-t-bottom\"  data-delay=\"100\"><div class=\"uncoltable\"><div class=\"uncell no-block-padding unshadow-std\" ><div class=\"uncont\" ><div class=\"uncode-single-media  text-left\"><div class=\"single-wrapper\" style=\"max-width: 100%;\"><div class=\"tmb tmb-light  tmb-media-first tmb-media-last tmb-content-overlay tmb-no-bg\"><div class=\"t-inside\"><div class=\"t-entry-visual\"><div class=\"t-entry-visual-tc\"><div class=\"uncode-single-media-wrapper\"><img decoding=\"async\" class=\"wp-image-88119\" src=\"https:\/\/gaalphoto.com\/wp-content\/uploads\/2021\/02\/Borfinal-scaled.jpg\" width=\"1707\" height=\"2560\" alt=\"t&aacute;rgyfot&oacute;z&aacute;s\" srcset=\"https:\/\/gaalphoto.com\/wp-content\/uploads\/2021\/02\/Borfinal-scaled.jpg 1707w, https:\/\/gaalphoto.com\/wp-content\/uploads\/2021\/02\/Borfinal-200x300.jpg 200w, https:\/\/gaalphoto.com\/wp-content\/uploads\/2021\/02\/Borfinal-683x1024.jpg 683w, https:\/\/gaalphoto.com\/wp-content\/uploads\/2021\/02\/Borfinal-768x1151.jpg 768w, https:\/\/gaalphoto.com\/wp-content\/uploads\/2021\/02\/Borfinal-1024x1536.jpg 1024w, https:\/\/gaalphoto.com\/wp-content\/uploads\/2021\/02\/Borfinal-1366x2048.jpg 1366w, https:\/\/gaalphoto.com\/wp-content\/uploads\/2021\/02\/Borfinal-scaled-uai-1032x1548.jpg 1032w, https:\/\/gaalphoto.com\/wp-content\/uploads\/2021\/02\/Borfinal-scaled-uai-516x774.jpg 516w\" sizes=\"(max-width: 1707px) 100vw, 1707px\" \/><\/div>\n\t\t\t\t\t<\/div>\n\t\t\t\t<\/div><\/div><\/div><\/div><\/div><div class=\"vc_custom_heading_wrap\"><div class=\"heading-text el-text\" ><\/p>\n<h2>T\u00e1rgyfot\u00f3z\u00e1s<\/h2>\n<p>\n<\/div><div class=\"clear\"><\/div><\/div><div class=\"uncode_text_column vc_custom_1616582449547\"  style=\"padding-right: 10px ;padding-left: 10px ;\"><p>Adja meg term\u00e9k\u00e9nek azt az extr\u00e1t, hogy professzion\u00e1lis fot\u00f3kkal mutatja be, hogy kiemelkedjen a konkurenci\u00e1b\u00f3l. Legyen ez \u00e9kszer, \u00e9tel vagy ak\u00e1r aut\u00f3, kihozzuk bel\u0151le a maximumot.<\/p>\n<\/div><span class=\"btn-container\" ><a role=\"button\"  href=\"https:\/\/gaalphoto.com\/en\/targyfotozas\/\" class=\"custom-link btn border-width-0 btn-default btn-icon-left\" title=\"T\u00e1rgyfot\u00f3z\u00e1s\">B\u0151vebben<\/a><\/span><div class=\"empty-space empty-single\" ><span class=\"empty-space-inner\"><\/span><\/div>\n<\/div><\/div><\/div><\/div><\/div><div class=\"wpb_column pos-top pos-center align_center column_parent col-lg-3 single-internal-gutter\"><div class=\"uncol style-light unexpand animate_when_almost_visible top-t-bottom\"  data-delay=\"200\"><div class=\"uncoltable\"><div class=\"uncell no-block-padding unshadow-std\" ><div class=\"uncont\" ><div class=\"uncode-single-media  text-left\"><div class=\"single-wrapper\" style=\"max-width: 100%;\"><div class=\"tmb tmb-light  tmb-media-first tmb-media-last tmb-content-overlay tmb-no-bg\"><div class=\"t-inside\"><div class=\"t-entry-visual\"><div class=\"t-entry-visual-tc\"><div class=\"uncode-single-media-wrapper\"><img decoding=\"async\" class=\"wp-image-88290\" src=\"https:\/\/gaalphoto.com\/wp-content\/uploads\/2021\/03\/fekete-portre.jpg\" width=\"833\" height=\"1250\" alt=\"\" srcset=\"https:\/\/gaalphoto.com\/wp-content\/uploads\/2021\/03\/fekete-portre.jpg 833w, https:\/\/gaalphoto.com\/wp-content\/uploads\/2021\/03\/fekete-portre-200x300.jpg 200w, https:\/\/gaalphoto.com\/wp-content\/uploads\/2021\/03\/fekete-portre-682x1024.jpg 682w, https:\/\/gaalphoto.com\/wp-content\/uploads\/2021\/03\/fekete-portre-768x1152.jpg 768w, https:\/\/gaalphoto.com\/wp-content\/uploads\/2021\/03\/fekete-portre-8x12.jpg 8w, https:\/\/gaalphoto.com\/wp-content\/uploads\/2021\/03\/fekete-portre-uai-516x774.jpg 516w\" sizes=\"(max-width: 833px) 100vw, 833px\" \/><\/div>\n\t\t\t\t\t<\/div>\n\t\t\t\t<\/div><\/div><\/div><\/div><\/div><div class=\"vc_custom_heading_wrap\"><div class=\"heading-text el-text\" ><\/p>\n<h2>Portr\u00e9fot\u00f3z\u00e1s<\/h2>\n<p>\n<\/div><div class=\"clear\"><\/div><\/div><div class=\"uncode_text_column vc_custom_1616582437214\"  style=\"padding-right: 10px ;padding-left: 10px ;\"><p>Tal\u00e1n a portr\u00e9fot\u00f3 legf\u0151bb jellemz\u0151je, hogy kifejezi a szem\u00e9lyis\u00e9get. Egy pillanatban \u00f6ssze kell foglalni egy fot\u00f3snak azt amit m\u00e1sok kisug\u00e1rz\u00e1snak neveznek. Ez a legnehezebb a portr\u00e9 fot\u00f3z\u00e1sban.<\/p>\n<\/div><span class=\"btn-container\" ><a role=\"button\"  href=\"https:\/\/gaalphoto.com\/en\/portrefotozas\/\" class=\"custom-link btn border-width-0 btn-default btn-icon-left\" title=\"Portr\u00e9fot\u00f3z\u00e1s\">B\u0151vebben<\/a><\/span><div class=\"empty-space empty-single\" ><span class=\"empty-space-inner\"><\/span><\/div>\n<\/div><\/div><\/div><\/div><\/div><div class=\"wpb_column pos-top pos-center align_center column_parent col-lg-3 single-internal-gutter\"><div class=\"uncol style-light unexpand animate_when_almost_visible top-t-bottom\"  data-delay=\"300\"><div class=\"uncoltable\"><div class=\"uncell no-block-padding unshadow-std\" ><div class=\"uncont\" ><div class=\"uncode-single-media  text-left\"><div class=\"single-wrapper\" style=\"max-width: 100%;\"><div class=\"tmb tmb-light  tmb-media-first tmb-media-last tmb-content-overlay tmb-no-bg\"><div class=\"t-inside\"><div class=\"t-entry-visual\"><div class=\"t-entry-visual-tc\"><div class=\"uncode-single-media-wrapper\"><img decoding=\"async\" class=\"wp-image-88817\" src=\"https:\/\/gaalphoto.com\/wp-content\/uploads\/2021\/03\/DoG-2.jpg\" width=\"1280\" height=\"1920\" alt=\"\" srcset=\"https:\/\/gaalphoto.com\/wp-content\/uploads\/2021\/03\/DoG-2.jpg 1280w, https:\/\/gaalphoto.com\/wp-content\/uploads\/2021\/03\/DoG-2-200x300.jpg 200w, https:\/\/gaalphoto.com\/wp-content\/uploads\/2021\/03\/DoG-2-683x1024.jpg 683w, https:\/\/gaalphoto.com\/wp-content\/uploads\/2021\/03\/DoG-2-768x1152.jpg 768w, https:\/\/gaalphoto.com\/wp-content\/uploads\/2021\/03\/DoG-2-1024x1536.jpg 1024w, https:\/\/gaalphoto.com\/wp-content\/uploads\/2021\/03\/DoG-2-8x12.jpg 8w, https:\/\/gaalphoto.com\/wp-content\/uploads\/2021\/03\/DoG-2-uai-258x387.jpg 258w, https:\/\/gaalphoto.com\/wp-content\/uploads\/2021\/03\/DoG-2-uai-1032x1548.jpg 1032w, https:\/\/gaalphoto.com\/wp-content\/uploads\/2021\/03\/DoG-2-uai-720x1080.jpg 720w, https:\/\/gaalphoto.com\/wp-content\/uploads\/2021\/03\/DoG-2-uai-516x774.jpg 516w\" sizes=\"(max-width: 1280px) 100vw, 1280px\" \/><\/div>\n\t\t\t\t\t<\/div>\n\t\t\t\t<\/div><\/div><\/div><\/div><\/div><div class=\"vc_custom_heading_wrap\"><div class=\"heading-text el-text\" ><\/p>\n<h2>Esk\u00fcv\u0151 fot\u00f3z\u00e1s<\/h2>\n<p>\n<\/div><div class=\"clear\"><\/div><\/div><div class=\"uncode_text_column vc_custom_1616582426478\"  style=\"padding-right: 10px ;padding-left: 10px ;\"><p>Az egyik leg\u00f6sszetettebb feladat, amit fot\u00f3sk\u00e9nt megkaphat az ember, mert \u00e9n vagyok az, aki v\u00e9gigk\u00eds\u00e9rlek az eg\u00e9sz napon, aki ott lesz mellettetek, hogy minden izgalmas \u00e9s eml\u00e9kezetes percet meg\u00f6r\u00f6k\u00edtsek nektek.<\/p>\n<\/div><span class=\"btn-container\" ><a role=\"button\"  href=\"https:\/\/gaalphoto.com\/en\/eskuvofotozas\/\" class=\"custom-link btn border-width-0 btn-default btn-icon-left\" title=\"Esk\u00fcv\u0151fot\u00f3z\u00e1s\">B\u0151vebben<\/a><\/span><div class=\"empty-space empty-single\" ><span class=\"empty-space-inner\"><\/span><\/div>\n<\/div><\/div><\/div><\/div><\/div><script id=\"script-row-unique-1\" data-row=\"script-row-unique-1\" type=\"text\/javascript\" class=\"vc_controls\">UNCODE.initRow(document.getElementById(\"row-unique-1\"));<\/script><\/div><\/div><\/div><div data-parent=\"true\" class=\"vc_row gradient portfolio row-container onepage-section\" data-label=\"Works\" data-name=\"works\" id=\"row-unique-2\"><div class=\"row unequal col-no-gutter quad-top-padding quad-bottom-padding no-h-padding limit-width row-parent\"><div class=\"wpb_row row-inner\"><div class=\"wpb_column pos-middle pos-center align_center column_parent col-lg-12 double-internal-gutter\"><div class=\"uncol style-light animate_when_almost_visible alpha-anim\"  ><div class=\"uncoltable\"><div class=\"uncell no-block-padding\" ><div class=\"uncont\" ><div class=\"vc_custom_heading_wrap\"><div class=\"heading-text el-text\" ><\/p>\n<h3>Projektek<\/h3>\n<p>\n<\/div><div class=\"clear\"><\/div><\/div><div class=\"owl-carousel-wrapper carousel-overflow-visible\" >\n\t\t\t\t\t\t\t\t\t\t\t\t\t<div class=\"owl-carousel-container owl-carousel-loading double-gutter\" >\t\t\t\t\t\t\t\t\t\t\t\t<div id=\"index-48561198980\" class=\"owl-carousel owl-element owl-height-viewport owl-dots-db-space owl-dots-outside owl-dots-single-block-padding owl-dots-align-center\" data-loop=\"true\" data-dots=\"true\" data-dotsmobile=\"true\" data-navmobile=\"false\" data-navspeed=\"200\" data-autoplay=\"true\" data-timeout=\"3000\" data-stagepadding=\"25\" data-lg=\"2\" data-md=\"2\" data-sm=\"1\" data-vp-height=\"60\">\t\t\t<div class=\"tmb tmb-carousel atc-typography-inherit tmb-iso-h33 img-round img-round-xs tmb-light tmb-overlay-text-anim tmb-overlay-anim tmb-overlay-middle tmb-overlay-text-center tmb-image-anim tmb-shadowed tmb-shadowed-xl  grid-cat-85 tmb-id-89605 tmb-media-first tmb-media-last tmb-content-overlay tmb-no-bg\" ><div class=\"t-inside animate_when_almost_visible right-t-left\" ><div class=\"t-entry-visual\"><div class=\"t-entry-visual-tc\"><div class=\"t-entry-visual-cont\"><a href=\"https:\/\/gaalphoto.com\/en\/project\/balatoni-luxus-nyaralo\/\" target=\"_self\" data-lb-index=\"0\"><div class=\"t-entry-visual-overlay\"><div class=\"t-entry-visual-overlay-in style-dark-bg\" style=\"opacity: 0.5;\"><\/div><\/div><div class=\"t-overlay-wrap\"><div class=\"t-overlay-inner\">\n\t\t\t\t\t\t\t\t\t\t\t\t\t\t<div class=\"t-overlay-content\">\n\t\t\t\t\t\t\t\t\t\t\t\t\t\t\t<div class=\"t-overlay-text single-block-padding\"><div class=\"t-entry\"><i class=\"fa fa-plus2 t-icon-size-md t-overlay-icon\"><\/i><\/div><\/div><\/div><\/div><\/div><div class=\"t-background-cover\" style=\"background-image:url('https:\/\/gaalphoto.com\/wp-content\/uploads\/2022\/03\/DJI_0656.jpg')\"><\/div><\/a><\/div>\n\t\t\t\t\t<\/div>\n\t\t\t\t<\/div><\/div><\/div><div class=\"tmb tmb-carousel atc-typography-inherit tmb-iso-h33 img-round img-round-xs tmb-light tmb-overlay-text-anim tmb-overlay-anim tmb-overlay-middle tmb-overlay-text-center tmb-image-anim tmb-shadowed tmb-shadowed-xl  grid-cat-85 tmb-id-89309 tmb-media-first tmb-media-last tmb-content-overlay tmb-no-bg\" ><div class=\"t-inside animate_when_almost_visible right-t-left\" ><div class=\"t-entry-visual\"><div class=\"t-entry-visual-tc\"><div class=\"t-entry-visual-cont\"><a href=\"https:\/\/gaalphoto.com\/en\/project\/acsaujlak\/\" target=\"_self\" data-lb-index=\"1\"><div class=\"t-entry-visual-overlay\"><div class=\"t-entry-visual-overlay-in style-dark-bg\" style=\"opacity: 0.5;\"><\/div><\/div><div class=\"t-overlay-wrap\"><div class=\"t-overlay-inner\">\n\t\t\t\t\t\t\t\t\t\t\t\t\t\t<div class=\"t-overlay-content\">\n\t\t\t\t\t\t\t\t\t\t\t\t\t\t\t<div class=\"t-overlay-text single-block-padding\"><div class=\"t-entry\"><i class=\"fa fa-plus2 t-icon-size-md t-overlay-icon\"><\/i><\/div><\/div><\/div><\/div><\/div><div class=\"t-background-cover\" style=\"background-image:url('https:\/\/gaalphoto.com\/wp-content\/uploads\/2021\/04\/Acsaujlak-3.jpg')\"><\/div><\/a><\/div>\n\t\t\t\t\t<\/div>\n\t\t\t\t<\/div><\/div><\/div><div class=\"tmb tmb-carousel atc-typography-inherit tmb-iso-h33 img-round img-round-xs tmb-light tmb-overlay-text-anim tmb-overlay-anim tmb-overlay-middle tmb-overlay-text-center tmb-image-anim tmb-shadowed tmb-shadowed-xl  grid-cat-85 tmb-id-90181 tmb-media-first tmb-media-last tmb-content-overlay tmb-no-bg\" ><div class=\"t-inside animate_when_almost_visible right-t-left\" ><div class=\"t-entry-visual\"><div class=\"t-entry-visual-tc\"><div class=\"t-entry-visual-cont\"><a href=\"https:\/\/gaalphoto.com\/en\/project\/budapest-premium\/\" target=\"_self\" data-lb-index=\"2\"><div class=\"t-entry-visual-overlay\"><div class=\"t-entry-visual-overlay-in style-dark-bg\" style=\"opacity: 0.5;\"><\/div><\/div><div class=\"t-overlay-wrap\"><div class=\"t-overlay-inner\">\n\t\t\t\t\t\t\t\t\t\t\t\t\t\t<div class=\"t-overlay-content\">\n\t\t\t\t\t\t\t\t\t\t\t\t\t\t\t<div class=\"t-overlay-text single-block-padding\"><div class=\"t-entry\"><i class=\"fa fa-plus2 t-icon-size-md t-overlay-icon\"><\/i><\/div><\/div><\/div><\/div><\/div><div class=\"t-background-cover\" style=\"background-image:url('https:\/\/gaalphoto.com\/wp-content\/uploads\/2025\/03\/Hunyadi-43.jpg')\"><\/div><\/a><\/div>\n\t\t\t\t\t<\/div>\n\t\t\t\t<\/div><\/div><\/div><div class=\"tmb tmb-carousel atc-typography-inherit tmb-iso-h33 img-round img-round-xs tmb-light tmb-overlay-text-anim tmb-overlay-anim tmb-overlay-middle tmb-overlay-text-center tmb-image-anim tmb-shadowed tmb-shadowed-xl  grid-cat-85 tmb-id-88623 tmb-media-first tmb-media-last tmb-content-overlay tmb-no-bg\" ><div class=\"t-inside animate_when_almost_visible right-t-left\" ><div class=\"t-entry-visual\"><div class=\"t-entry-visual-tc\"><div class=\"t-entry-visual-cont\"><a href=\"https:\/\/gaalphoto.com\/en\/project\/rejtett-kincs-parizsi-utca\/\" target=\"_self\" data-lb-index=\"3\"><div class=\"t-entry-visual-overlay\"><div class=\"t-entry-visual-overlay-in style-dark-bg\" style=\"opacity: 0.5;\"><\/div><\/div><div class=\"t-overlay-wrap\"><div class=\"t-overlay-inner\">\n\t\t\t\t\t\t\t\t\t\t\t\t\t\t<div class=\"t-overlay-content\">\n\t\t\t\t\t\t\t\t\t\t\t\t\t\t\t<div class=\"t-overlay-text single-block-padding\"><div class=\"t-entry\"><i class=\"fa fa-plus2 t-icon-size-md t-overlay-icon\"><\/i><\/div><\/div><\/div><\/div><\/div><div class=\"t-background-cover\" style=\"background-image:url('https:\/\/gaalphoto.com\/wp-content\/uploads\/2021\/03\/P\u2020rizsi-utca-20.jpg')\"><\/div><\/a><\/div>\n\t\t\t\t\t<\/div>\n\t\t\t\t<\/div><\/div><\/div><div class=\"tmb tmb-carousel atc-typography-inherit tmb-iso-h33 img-round img-round-xs tmb-light tmb-overlay-text-anim tmb-overlay-anim tmb-overlay-middle tmb-overlay-text-center tmb-image-anim tmb-shadowed tmb-shadowed-xl  grid-cat-85 tmb-id-89406 tmb-media-first tmb-media-last tmb-content-overlay tmb-no-bg\" ><div class=\"t-inside animate_when_almost_visible right-t-left\" ><div class=\"t-entry-visual\"><div class=\"t-entry-visual-tc\"><div class=\"t-entry-visual-cont\"><a href=\"https:\/\/gaalphoto.com\/en\/project\/normafa\/\" target=\"_self\" data-lb-index=\"4\"><div class=\"t-entry-visual-overlay\"><div class=\"t-entry-visual-overlay-in style-dark-bg\" style=\"opacity: 0.5;\"><\/div><\/div><div class=\"t-overlay-wrap\"><div class=\"t-overlay-inner\">\n\t\t\t\t\t\t\t\t\t\t\t\t\t\t<div class=\"t-overlay-content\">\n\t\t\t\t\t\t\t\t\t\t\t\t\t\t\t<div class=\"t-overlay-text single-block-padding\"><div class=\"t-entry\"><i class=\"fa fa-plus2 t-icon-size-md t-overlay-icon\"><\/i><\/div><\/div><\/div><\/div><\/div><div class=\"t-background-cover\" style=\"background-image:url('https:\/\/gaalphoto.com\/wp-content\/uploads\/2021\/07\/tavcsoutca-42.jpg')\"><\/div><\/a><\/div>\n\t\t\t\t\t<\/div>\n\t\t\t\t<\/div><\/div><\/div><div class=\"tmb tmb-carousel atc-typography-inherit tmb-iso-h33 img-round img-round-xs tmb-light tmb-overlay-text-anim tmb-overlay-anim tmb-overlay-middle tmb-overlay-text-center tmb-image-anim tmb-shadowed tmb-shadowed-xl  grid-cat-85 tmb-id-89267 tmb-media-first tmb-media-last tmb-content-overlay tmb-no-bg\" ><div class=\"t-inside animate_when_almost_visible right-t-left\" ><div class=\"t-entry-visual\"><div class=\"t-entry-visual-tc\"><div class=\"t-entry-visual-cont\"><a href=\"https:\/\/gaalphoto.com\/en\/project\/bauhaus-mecset-utca-dugattyus-hazban\/\" target=\"_self\" data-lb-index=\"5\"><div class=\"t-entry-visual-overlay\"><div class=\"t-entry-visual-overlay-in style-dark-bg\" style=\"opacity: 0.5;\"><\/div><\/div><div class=\"t-overlay-wrap\"><div class=\"t-overlay-inner\">\n\t\t\t\t\t\t\t\t\t\t\t\t\t\t<div class=\"t-overlay-content\">\n\t\t\t\t\t\t\t\t\t\t\t\t\t\t\t<div class=\"t-overlay-text single-block-padding\"><div class=\"t-entry\"><i class=\"fa fa-plus2 t-icon-size-md t-overlay-icon\"><\/i><\/div><\/div><\/div><\/div><\/div><div class=\"t-background-cover\" style=\"background-image:url('https:\/\/gaalphoto.com\/wp-content\/uploads\/2021\/03\/IMG_3994-Edit.jpg')\"><\/div><\/a><\/div>\n\t\t\t\t\t<\/div>\n\t\t\t\t<\/div><\/div><\/div><div class=\"tmb tmb-carousel atc-typography-inherit tmb-iso-h33 img-round img-round-xs tmb-light tmb-overlay-text-anim tmb-overlay-anim tmb-overlay-middle tmb-overlay-text-center tmb-image-anim tmb-shadowed tmb-shadowed-xl  grid-cat-85 tmb-id-88057 tmb-media-first tmb-media-last tmb-content-overlay tmb-no-bg\" ><div class=\"t-inside animate_when_almost_visible right-t-left\" ><div class=\"t-entry-visual\"><div class=\"t-entry-visual-tc\"><div class=\"t-entry-visual-cont\"><a href=\"https:\/\/gaalphoto.com\/en\/project\/sorokpolany-kastely\/\" target=\"_self\" data-lb-index=\"6\"><div class=\"t-entry-visual-overlay\"><div class=\"t-entry-visual-overlay-in style-dark-bg\" style=\"opacity: 0.5;\"><\/div><\/div><div class=\"t-overlay-wrap\"><div class=\"t-overlay-inner\">\n\t\t\t\t\t\t\t\t\t\t\t\t\t\t<div class=\"t-overlay-content\">\n\t\t\t\t\t\t\t\t\t\t\t\t\t\t\t<div class=\"t-overlay-text single-block-padding\"><div class=\"t-entry\"><i class=\"fa fa-plus2 t-icon-size-md t-overlay-icon\"><\/i><\/div><\/div><\/div><\/div><\/div><div class=\"t-background-cover\" style=\"background-image:url('https:\/\/gaalphoto.com\/wp-content\/uploads\/2021\/02\/DJI_0186-scaled.jpg')\"><\/div><\/a><\/div>\n\t\t\t\t\t<\/div>\n\t\t\t\t<\/div><\/div><\/div><div class=\"tmb tmb-carousel atc-typography-inherit tmb-iso-h33 img-round img-round-xs tmb-light tmb-overlay-text-anim tmb-overlay-anim tmb-overlay-middle tmb-overlay-text-center tmb-image-anim tmb-shadowed tmb-shadowed-xl  grid-cat-85 tmb-id-89354 tmb-media-first tmb-media-last tmb-content-overlay tmb-no-bg\" ><div class=\"t-inside animate_when_almost_visible right-t-left\" ><div class=\"t-entry-visual\"><div class=\"t-entry-visual-tc\"><div class=\"t-entry-visual-cont\"><a href=\"https:\/\/gaalphoto.com\/en\/project\/barnes-hungary-luxus-ingatlan\/\" target=\"_self\" data-lb-index=\"7\"><div class=\"t-entry-visual-overlay\"><div class=\"t-entry-visual-overlay-in style-dark-bg\" style=\"opacity: 0.5;\"><\/div><\/div><div class=\"t-overlay-wrap\"><div class=\"t-overlay-inner\">\n\t\t\t\t\t\t\t\t\t\t\t\t\t\t<div class=\"t-overlay-content\">\n\t\t\t\t\t\t\t\t\t\t\t\t\t\t\t<div class=\"t-overlay-text single-block-padding\"><div class=\"t-entry\"><i class=\"fa fa-plus2 t-icon-size-md t-overlay-icon\"><\/i><\/div><\/div><\/div><\/div><\/div><div class=\"t-background-cover\" style=\"background-image:url('https:\/\/gaalphoto.com\/wp-content\/uploads\/2021\/04\/SztIstvan-1.jpg')\"><\/div><\/a><\/div>\n\t\t\t\t\t<\/div>\n\t\t\t\t<\/div><\/div><\/div><div class=\"tmb tmb-carousel atc-typography-inherit tmb-iso-h33 img-round img-round-xs tmb-light tmb-overlay-text-anim tmb-overlay-anim tmb-overlay-middle tmb-overlay-text-center tmb-image-anim tmb-shadowed tmb-shadowed-xl  grid-cat-85 tmb-id-89705 tmb-media-first tmb-media-last tmb-content-overlay tmb-no-bg\" ><div class=\"t-inside animate_when_almost_visible right-t-left\" ><div class=\"t-entry-visual\"><div class=\"t-entry-visual-tc\"><div class=\"t-entry-visual-cont\"><a href=\"https:\/\/gaalphoto.com\/en\/project\/inspiralo-es-kulonleges-ingatlan-pecs-mellett\/\" target=\"_self\" data-lb-index=\"8\"><div class=\"t-entry-visual-overlay\"><div class=\"t-entry-visual-overlay-in style-dark-bg\" style=\"opacity: 0.5;\"><\/div><\/div><div class=\"t-overlay-wrap\"><div class=\"t-overlay-inner\">\n\t\t\t\t\t\t\t\t\t\t\t\t\t\t<div class=\"t-overlay-content\">\n\t\t\t\t\t\t\t\t\t\t\t\t\t\t\t<div class=\"t-overlay-text single-block-padding\"><div class=\"t-entry\"><i class=\"fa fa-plus2 t-icon-size-md t-overlay-icon\"><\/i><\/div><\/div><\/div><\/div><\/div><div class=\"t-background-cover\" style=\"background-image:url('https:\/\/gaalphoto.com\/wp-content\/uploads\/2022\/07\/Pecs-20.jpg')\"><\/div><\/a><\/div>\n\t\t\t\t\t<\/div>\n\t\t\t\t<\/div><\/div><\/div><div class=\"tmb tmb-carousel atc-typography-inherit tmb-iso-h33 img-round img-round-xs tmb-light tmb-overlay-text-anim tmb-overlay-anim tmb-overlay-middle tmb-overlay-text-center tmb-image-anim tmb-shadowed tmb-shadowed-xl  grid-cat-85 tmb-id-88061 tmb-media-first tmb-media-last tmb-content-overlay tmb-no-bg\" ><div class=\"t-inside animate_when_almost_visible right-t-left\" ><div class=\"t-entry-visual\"><div class=\"t-entry-visual-tc\"><div class=\"t-entry-visual-cont\"><a href=\"https:\/\/gaalphoto.com\/en\/project\/duna-utca\/\" target=\"_self\" data-lb-index=\"9\"><div class=\"t-entry-visual-overlay\"><div class=\"t-entry-visual-overlay-in style-dark-bg\" style=\"opacity: 0.5;\"><\/div><\/div><div class=\"t-overlay-wrap\"><div class=\"t-overlay-inner\">\n\t\t\t\t\t\t\t\t\t\t\t\t\t\t<div class=\"t-overlay-content\">\n\t\t\t\t\t\t\t\t\t\t\t\t\t\t\t<div class=\"t-overlay-text single-block-padding\"><div class=\"t-entry\"><i class=\"fa fa-plus2 t-icon-size-md t-overlay-icon\"><\/i><\/div><\/div><\/div><\/div><\/div><div class=\"t-background-cover\" style=\"background-image:url('https:\/\/gaalphoto.com\/wp-content\/uploads\/2021\/02\/IMG_1330_AuroraHDR2019-edit-scaled.jpg')\"><\/div><\/a><\/div>\n\t\t\t\t\t<\/div>\n\t\t\t\t<\/div><\/div><\/div>\t\t<\/div>\t\n\t\n\n\t<\/div>\t\t\t\t<\/div>\n<\/div><\/div><\/div><\/div><\/div><script id=\"script-row-unique-2\" data-row=\"script-row-unique-2\" type=\"text\/javascript\" class=\"vc_controls\">UNCODE.initRow(document.getElementById(\"row-unique-2\"));<\/script><\/div><\/div><\/div>\n<\/div>","protected":false},"excerpt":{"rendered":"K\u00fcl\u00f6nleges enteri\u0151r a Duna utc\u00e1ban Ennek a Duna utcai enteri\u0151rnek meg\u00e1lmod\u00f3ja maga a tulajdonos volt. A dolgoz\u00f3t\u00e9rt\u0151l a gardr\u00f3big, majd [...]","protected":false},"author":1,"featured_media":0,"parent":0,"menu_order":0,"comment_status":"closed","ping_status":"closed","template":"","meta":{"_exactmetrics_skip_tracking":false,"_exactmetrics_sitenote_active":false,"_exactmetrics_sitenote_note":"","_exactmetrics_sitenote_category":0,"footnotes":""},"class_list":["post-88266","page","type-page","status-publish","hentry"],"_links":{"self":[{"href":"https:\/\/gaalphoto.com\/en\/wp-json\/wp\/v2\/pages\/88266","targetHints":{"allow":["GET"]}}],"collection":[{"href":"https:\/\/gaalphoto.com\/en\/wp-json\/wp\/v2\/pages"}],"about":[{"href":"https:\/\/gaalphoto.com\/en\/wp-json\/wp\/v2\/types\/page"}],"author":[{"embeddable":true,"href":"https:\/\/gaalphoto.com\/en\/wp-json\/wp\/v2\/users\/1"}],"replies":[{"embeddable":true,"href":"https:\/\/gaalphoto.com\/en\/wp-json\/wp\/v2\/comments?post=88266"}],"version-history":[{"count":22,"href":"https:\/\/gaalphoto.com\/en\/wp-json\/wp\/v2\/pages\/88266\/revisions"}],"predecessor-version":[{"id":89299,"href":"https:\/\/gaalphoto.com\/en\/wp-json\/wp\/v2\/pages\/88266\/revisions\/89299"}],"wp:attachment":[{"href":"https:\/\/gaalphoto.com\/en\/wp-json\/wp\/v2\/media?parent=88266"}],"curies":[{"name":"wp","href":"https:\/\/api.w.org\/{rel}","templated":true}]}}